{"id":16619,"date":"2014-06-16T09:35:11","date_gmt":"2014-06-16T07:35:11","guid":{"rendered":"http:\/\/www.plessin.at\/oakleyshop\/?page_id=16619"},"modified":"2014-06-16T10:15:54","modified_gmt":"2014-06-16T08:15:54","slug":"blender-bottle-eine-flasche-so-einzigartig-wie-du","status":"publish","type":"page","link":"http:\/\/www.plessin.at\/oakleyshop\/blender-bottle-eine-flasche-so-einzigartig-wie-du\/","title":{"rendered":"Blender Bottle"},"content":{"rendered":"<p>[vc_row][vc_column width=&#8220;2\/3&#8243;][vc_column_text]<\/p>\n<p style=\"text-align: justify;\">Der neue BlenderBottle\u00aeSportMixer\u2122 vereint Form und Funktion in einer einzigartigen Sportflasche. Mische deine Protein-Shakes, Energy-Drinks und andere Nahrungserg\u00e4nzungsmittel mit Leichtigkeit. Nutze die Flasche \u00fcberall. Ob im Sport, bei der Arbeit, Outdoor oder im Haushalt. Millionen von begeisterten Kunden nutzen diese Flaschen bereits. Die BlenderBottle ist schnell zur Nummer 1 der meistverkauften tragbaren Shaker geworden und begeistert nun Europa.<\/p>\n<p>&nbsp;<\/p>\n<p style=\"text-align: justify;\"><strong>Der BlenderBottle\u00aeSportMixer\u2122 ist ideal f\u00fcr<\/strong><\/p>\n<p>&nbsp;<\/p>\n<ul style=\"text-align: justify;\">\n<li>Proteinpulver \/ shakes<\/li>\n<li>Nahrungserg\u00e4nzungsdrinks<\/li>\n<li>Di\u00e4t-Pulver<\/li>\n<li>Energy-Drinks<\/li>\n<li>Elektrolyte<\/li>\n<li>Wasser<\/li>\n<li>Vegane Shakes<\/li>\n<li>R\u00fchrei &#8211; Omellet &#8211; So\u00dfen &#8211; Dressings &#8211; S\u00e4fte &#8211; Yoghurt &#8211; Kakao &#8211; Milchpulver &#8211;<\/li>\n<li>und vieles mehr. &#8230;<\/li>\n<\/ul>\n<p>&nbsp;<\/p>\n<p style=\"text-align: justify;\">Du wirst nie wieder den Shake von letzter Woche schmecken, noch riechen. Der Sportmixer ist aus BPA-freiem Eastman Tritan &#8211; das Material ist geruchshemmend, oberes Reck sp\u00fclmaschinenfest, sto\u00dffest, frei von Weichmachern, BPA und Phthalate frei.<\/p>\n<p>&nbsp;<\/p>\n<p style=\"text-align: justify;\"><b>SportLoop &amp; FlipCap &#8211; 100% Dicht<\/b><\/p>\n<p>&nbsp;<\/p>\n<p style=\"text-align: justify;\">Das Besondere an diesen Shakern &#8211; Sie sind dicht! Der einzigartige Verschluss ist zu, wenn das &#8222;Klick&#8220; Ger\u00e4usch zu h\u00f6ren ist. Zum \u00d6ffnen einfach mit dem Daumen den Verschluss an der Trink\u00f6ffnung hoch dr\u00fccken. Der revolution\u00e4re SportLoop bietet euch die M\u00f6glichkeit euren Sportmixer bequem an einem Finger zu transportieren oder mit einem Karabinerhacken versehen, \u00fcber zu befestigen &#8211; egal ob Sporttasche, Rucksack oder G\u00fcrtel.<\/p>\n<p>&nbsp;<\/p>\n<p style=\"text-align: justify;\"><b>Optimaler Halt &#8211; zu jeder Zeit !<\/b><\/p>\n<p>&nbsp;<\/p>\n<p style=\"text-align: justify;\">Der SportGrip des Sportmixers gibt einem festen Halt in jeder Situation. Auch bei nassen oder schwitzigen H\u00e4nden ist das Mischen des Getr\u00e4nkes ein Kinderspiel.<\/p>\n<p>[\/vc_column_text][\/vc_column][vc_column width=&#8220;1\/3&#8243;][vc_single_image image=&#8220;16620&#8243; border_color=&#8220;grey&#8220; img_link_target=&#8220;_self&#8220; qode_css_animation=&#8220;element_from_left&#8220; img_size=&#8220;full&#8220;][\/vc_column][\/vc_row][vc_row][vc_column width=&#8220;1\/1&#8243;][vc_separator type=&#8220;normal&#8220; position=&#8220;center&#8220; up=&#8220;40&#8243; down=&#8220;40&#8243;][vc_row_inner][vc_column_inner width=&#8220;2\/3&#8243;][vc_column_text]<\/p>\n<h2>Patentierter BlenderBall Schneebesen<\/h2>\n<p><strong>Mixe es smooth \u2013 zu jeder Zeit<\/strong><\/p>\n<p>&nbsp;<\/p>\n<p style=\"text-align: justify;\">Der patentierte BlenderBall Schneebesen ist das Geheimnis hinter dem Erfolg der BlenderBottle. Gebe Deine Zutaten in die BlenderBottle und sch\u00fcttel. Der BlenderBall wirbelt in der Flasche herum, mixt Deinen Drink zu einer glatten und luftigen Konsistenz und das zu jeder Zeit und \u00fcberall.<\/p>\n<p>&nbsp;<\/p>\n<p style=\"text-align: justify;\">Der BlenderBall Schneebesen besteht aus 316 medizinischem, rostfreien Stahl gemacht, um so lange in der Flasche zu bleiben, bist du den Inhalt genossen hast. Nur Wasser trinken? F\u00fchl dich frei, auch dann den Ball in der Flasche zu lassen \u2013 er wird nie rosten beschlagen oder abbl\u00e4ttern.<\/p>\n<p>[\/vc_column_text][\/vc_column_inner][vc_column_inner width=&#8220;1\/3&#8243;][vc_single_image image=&#8220;16626&#8243; border_color=&#8220;grey&#8220; img_link_target=&#8220;_self&#8220; img_size=&#8220;350&#8243; qode_css_animation=&#8220;element_from_right&#8220;][\/vc_column_inner][\/vc_row_inner][vc_row_inner][vc_column_inner width=&#8220;1\/1&#8243;][vc_separator type=&#8220;normal&#8220; position=&#8220;center&#8220; up=&#8220;40&#8243; down=&#8220;40&#8243;][vc_single_image image=&#8220;16643&#8243; border_color=&#8220;grey&#8220; img_link_target=&#8220;_self&#8220; qode_css_animation=&#8220;element_from_top&#8220; img_size=&#8220;full&#8220; alignment=&#8220;center&#8220;][vc_separator type=&#8220;normal&#8220; position=&#8220;center&#8220; up=&#8220;40&#8243; down=&#8220;40&#8243;][vc_column_text]<\/p>\n<h3 style=\"text-align: center;\">Der BlenderBottle\u00aeSportMixer\u2122\u00a0erh\u00e4ltlich in PLESSIN\u2019S OAKLEY SHOP ab EURO 14,99<\/h3>\n<p>[\/vc_column_text][\/vc_column_inner][\/vc_row_inner][vc_separator type=&#8220;normal&#8220; position=&#8220;center&#8220; up=&#8220;40&#8243; down=&#8220;40&#8243;][\/vc_column][\/vc_row]<\/p>\n","protected":false},"excerpt":{"rendered":"<p>[vc_row][vc_column width=&#8220;2\/3&#8243;][vc_column_text] Der neue BlenderBottle\u00aeSportMixer\u2122 vereint Form und Funktion in einer einzigartigen Sportflasche. Mische deine Protein-Shakes, Energy-Drinks und andere Nahrungserg\u00e4nzungsmittel mit Leichtigkeit. Nutze die Flasche \u00fcberall. Ob im Sport, bei der Arbeit, Outdoor oder im Haushalt. Millionen von begeisterten Kunden nutzen diese Flaschen bereits. Die&#8230;<\/p>\n","protected":false},"author":1,"featured_media":0,"parent":0,"menu_order":0,"comment_status":"closed","ping_status":"closed","template":"","meta":[],"_links":{"self":[{"href":"http:\/\/www.plessin.at\/oakleyshop\/wp-json\/wp\/v2\/pages\/16619"}],"collection":[{"href":"http:\/\/www.plessin.at\/oakleyshop\/wp-json\/wp\/v2\/pages"}],"about":[{"href":"http:\/\/www.plessin.at\/oakleyshop\/wp-json\/wp\/v2\/types\/page"}],"author":[{"embeddable":true,"href":"http:\/\/www.plessin.at\/oakleyshop\/wp-json\/wp\/v2\/users\/1"}],"replies":[{"embeddable":true,"href":"http:\/\/www.plessin.at\/oakleyshop\/wp-json\/wp\/v2\/comments?post=16619"}],"version-history":[{"count":22,"href":"http:\/\/www.plessin.at\/oakleyshop\/wp-json\/wp\/v2\/pages\/16619\/revisions"}],"predecessor-version":[{"id":16646,"href":"http:\/\/www.plessin.at\/oakleyshop\/wp-json\/wp\/v2\/pages\/16619\/revisions\/16646"}],"wp:attachment":[{"href":"http:\/\/www.plessin.at\/oakleyshop\/wp-json\/wp\/v2\/media?parent=16619"}],"curies":[{"name":"wp","href":"https:\/\/api.w.org\/{rel}","templated":true}]}}