{"id":16650,"date":"2014-06-16T10:22:55","date_gmt":"2014-06-16T08:22:55","guid":{"rendered":"http:\/\/www.plessin.at\/oakleyshop\/?page_id=16650"},"modified":"2014-06-19T14:19:06","modified_gmt":"2014-06-19T12:19:06","slug":"sonnenbrillen","status":"publish","type":"page","link":"http:\/\/www.plessin.at\/oakleyshop\/sonnenbrillen\/","title":{"rendered":"Sonnenbrillen"},"content":{"rendered":"<p>[vc_row][vc_column width=&#8220;1\/1&#8243;][vc_column_text]<\/p>\n<h1 style=\"text-align: justify;\">Damen-Sonnenbrillen<\/h1>\n<p style=\"text-align: justify;\">Bei den Oakley Sonnenbrillen mit High Definition Optics\u00ae, deren Stile und Passformen exklusiv f\u00fcr Damen kreiert wurden, trifft Mode auf Funktionalit\u00e4t. Mit den Damen-Sonnenbrillen von Oakley haben wir eine v\u00f6llig neue Dimension geschaffen, in der Bew\u00e4hrtes auf v\u00f6llig neuartige Ideen trifft.<\/p>\n<p>[\/vc_column_text][vc_separator type=&#8220;normal&#8220; position=&#8220;center&#8220; up=&#8220;20&#8243; down=&#8220;20&#8243;][\/vc_column][\/vc_row][vc_row][vc_column width=&#8220;1\/2&#8243;][vc_column_text]<\/p>\n<h2>Oakley Sportsonnenbrillen<\/h2>\n<p style=\"text-align: justify;\">Mit Oakley hinterlassen Sportlerinnen wie Karena Dawn einen bleibenden Eindruck in der Welt. Und Oakley hinterl\u00e4sst einen Eindruck bei ihnen.<\/p>\n<p>[\/vc_column_text][\/vc_column][vc_column width=&#8220;1\/2&#8243;][vc_gallery type=&#8220;flexslider_slide&#8220; onclick=&#8220;link_image&#8220; custom_links_target=&#8220;_self&#8220; grayscale=&#8220;no&#8220; choose_frame=&#8220;default&#8220; interval=&#8220;3&#8243; images=&#8220;17303,17302,17301,17300,17299,17298,17297,17296,17295,17294&#8243; img_size=&#8220;550&#215;256&#8243; column_number=&#8220;0&#8243;][\/vc_column][\/vc_row][vc_row][vc_column width=&#8220;1\/1&#8243;][vc_separator type=&#8220;normal&#8220; position=&#8220;center&#8220; up=&#8220;20&#8243; down=&#8220;20&#8243;][\/vc_column][\/vc_row][vc_row][vc_column width=&#8220;1\/2&#8243;][vc_column_text]<\/p>\n<h2>Oakley Active-Sonnenbrillen<\/h2>\n<p style=\"text-align: justify;\">Unflexibel sind Oakley-Frauen nur insofern, als dass niemand sie von ihrem Weg abbringen kann. Oakley Active-Sonnenbrillen f\u00fcr Damen spiegeln diese Einstellung wider, indem sie Stil mit dem unverwechselbaren Look der \u00dcberzeugung kombinieren.<\/p>\n<p>[\/vc_column_text][\/vc_column][vc_column width=&#8220;1\/2&#8243;][vc_gallery type=&#8220;flexslider_slide&#8220; onclick=&#8220;link_image&#8220; custom_links_target=&#8220;_self&#8220; grayscale=&#8220;no&#8220; choose_frame=&#8220;default&#8220; interval=&#8220;3&#8243; img_size=&#8220;550&#215;256&#8243; column_number=&#8220;0&#8243; images=&#8220;17332,17331,17330,17329,17328,17327,17326,17325,17324,17323&#8243; frame=&#8220;no&#8220;][\/vc_column][\/vc_row][vc_row][vc_column width=&#8220;1\/1&#8243;][vc_separator type=&#8220;normal&#8220; position=&#8220;center&#8220; up=&#8220;20&#8243; down=&#8220;20&#8243;][\/vc_column][\/vc_row][vc_row][vc_column width=&#8220;1\/2&#8243;][vc_column_text]<\/p>\n<h2>Oakley Lifestyle-Sonnenbrillen<\/h2>\n<p style=\"text-align: justify;\">Ein Leben nach ihren eigenen Regeln macht Frauen einzigartig, und in der Oakley Lifestyle-Sonnenbrillen-Kollektion f\u00fcr Damen ist f\u00fcr jede Frau etwas dabei.<\/p>\n<p>[\/vc_column_text][\/vc_column][vc_column width=&#8220;1\/2&#8243;][vc_gallery type=&#8220;flexslider_slide&#8220; onclick=&#8220;link_image&#8220; custom_links_target=&#8220;_self&#8220; grayscale=&#8220;no&#8220; choose_frame=&#8220;default&#8220; interval=&#8220;3&#8243; images=&#8220;17338,17337,17336,17335,17334&#8243; img_size=&#8220;550&#215;256&#8243; column_number=&#8220;0&#8243;][\/vc_column][\/vc_row][vc_row][vc_column width=&#8220;1\/1&#8243;][vc_separator type=&#8220;normal&#8220; position=&#8220;center&#8220; up=&#8220;20&#8243; down=&#8220;20&#8243;][\/vc_column][\/vc_row][vc_row][vc_column width=&#8220;1\/2&#8243;][vc_column_text]<\/p>\n<h2>Polarisierte Sonnenbrillen<\/h2>\n<p style=\"text-align: justify;\">Nicht alle polarisierten Sonnenbrillen sind gleich, aber so viel steht fest: Oakley stellt mit die besten polarisierten Gl\u00e4ser der Welt her. Gew\u00f6hnliche polarisierte Sonnenbrillen beeintr\u00e4chtigen Ihre Sicht und blockieren den Blendeffekt nicht gut genug. Doch die Gl\u00e4ser in den Sonnenbrillen der Polarized-Kollektion von Oakley beseitigen den Blendeffekt, ohne dabei die klare Sicht zu beeintr\u00e4chtigen.<\/p>\n<p>[\/vc_column_text][\/vc_column][vc_column width=&#8220;1\/2&#8243;][vc_gallery type=&#8220;image_grid&#8220; onclick=&#8220;link_image&#8220; custom_links_target=&#8220;_self&#8220; grayscale=&#8220;no&#8220; choose_frame=&#8220;default&#8220; interval=&#8220;3&#8243; images=&#8220;16712&#8243; img_size=&#8220;550&#215;212&#8243; column_number=&#8220;0&#8243;][\/vc_column][\/vc_row][vc_row][vc_column width=&#8220;1\/1&#8243;][vc_separator type=&#8220;normal&#8220; position=&#8220;center&#8220; up=&#8220;20&#8243; down=&#8220;20&#8243;][\/vc_column][\/vc_row][vc_row][vc_column width=&#8220;1\/2&#8243;][vc_column_text]<\/p>\n<h2>Special Edition-Sonnenbrillen<\/h2>\n<p style=\"text-align: justify;\">Die Damen-Sonnenbrillen der Oakley Special Editions setzen auf Designs von K\u00fcnstlern, wohlt\u00e4tigen Organisationen, Sportarten und den Athleten, die sie aus\u00fcben, und vereinen Weltklasse-Optik mit einigen von Oakleys beliebtesten Initiativen. \u201eFrom Infinite Hero to YSC\u00ae, Oakley women\u2019s Special Edition sunglasses help you wear your heart on your face.\u201c<\/p>\n<p>[\/vc_column_text][\/vc_column][vc_column width=&#8220;1\/2&#8243;][vc_gallery type=&#8220;image_grid&#8220; onclick=&#8220;link_image&#8220; custom_links_target=&#8220;_self&#8220; grayscale=&#8220;no&#8220; choose_frame=&#8220;default&#8220; interval=&#8220;3&#8243; images=&#8220;16710&#8243; img_size=&#8220;550&#215;212&#8243; column_number=&#8220;0&#8243;][\/vc_column][\/vc_row][vc_row][vc_column width=&#8220;1\/1&#8243;][vc_separator type=&#8220;normal&#8220; position=&#8220;center&#8220; up=&#8220;20&#8243; down=&#8220;20&#8243;][\/vc_column][\/vc_row][vc_row][vc_column width=&#8220;1\/2&#8243;][vc_column_text]<\/p>\n<h2>Oakley Custom Sonnenbrillen<\/h2>\n<p style=\"text-align: justify;\">Stil ist, was man daraus macht. Also kreieren Sie Ihren eigenen Stil. Gestalten Sie Ihre individuelle Oakley-Sonnenbrille und w\u00e4hlen Sie dabei Rahmenfarbe, Rahmenfinish, Glast\u00f6nung und vieles mehr ganz nach Ihrem Geschmack. Dabei k\u00f6nnen Sie sich auf die wegweisenden Innovationen von High Definition Optics\u00ae verlassen und sicher sein, ein echtes Original zu besitzen. W\u00e4hlen Sie eine Damen-Sonnenbrille aus und verleihen Sie ihr mit den Farben Ihrer Wahl eine pers\u00f6nliche Note.<\/p>\n<p>[\/vc_column_text][\/vc_column][vc_column width=&#8220;1\/2&#8243;][vc_gallery type=&#8220;image_grid&#8220; onclick=&#8220;link_image&#8220; custom_links_target=&#8220;_self&#8220; grayscale=&#8220;no&#8220; choose_frame=&#8220;default&#8220; interval=&#8220;3&#8243; images=&#8220;16724&#8243; img_size=&#8220;550&#215;131&#8243; column_number=&#8220;0&#8243;][\/vc_column][\/vc_row][vc_row][vc_column width=&#8220;1\/1&#8243;][vc_separator type=&#8220;normal&#8220; position=&#8220;center&#8220; up=&#8220;20&#8243; down=&#8220;20&#8243;][\/vc_column][\/vc_row]<\/p>\n","protected":false},"excerpt":{"rendered":"<p>[vc_row][vc_column width=&#8220;1\/1&#8243;][vc_column_text] Damen-Sonnenbrillen Bei den Oakley Sonnenbrillen mit High Definition Optics\u00ae, deren Stile und Passformen exklusiv f\u00fcr Damen kreiert wurden, trifft Mode auf Funktionalit\u00e4t. Mit den Damen-Sonnenbrillen von Oakley haben wir eine v\u00f6llig neue Dimension geschaffen, in der Bew\u00e4hrtes auf v\u00f6llig neuartige Ideen trifft. [\/vc_column_text][vc_separator&#8230;<\/p>\n","protected":false},"author":1,"featured_media":0,"parent":0,"menu_order":0,"comment_status":"closed","ping_status":"closed","template":"","meta":[],"_links":{"self":[{"href":"http:\/\/www.plessin.at\/oakleyshop\/wp-json\/wp\/v2\/pages\/16650"}],"collection":[{"href":"http:\/\/www.plessin.at\/oakleyshop\/wp-json\/wp\/v2\/pages"}],"about":[{"href":"http:\/\/www.plessin.at\/oakleyshop\/wp-json\/wp\/v2\/types\/page"}],"author":[{"embeddable":true,"href":"http:\/\/www.plessin.at\/oakleyshop\/wp-json\/wp\/v2\/users\/1"}],"replies":[{"embeddable":true,"href":"http:\/\/www.plessin.at\/oakleyshop\/wp-json\/wp\/v2\/comments?post=16650"}],"version-history":[{"count":26,"href":"http:\/\/www.plessin.at\/oakleyshop\/wp-json\/wp\/v2\/pages\/16650\/revisions"}],"predecessor-version":[{"id":16704,"href":"http:\/\/www.plessin.at\/oakleyshop\/wp-json\/wp\/v2\/pages\/16650\/revisions\/16704"}],"wp:attachment":[{"href":"http:\/\/www.plessin.at\/oakleyshop\/wp-json\/wp\/v2\/media?parent=16650"}],"curies":[{"name":"wp","href":"https:\/\/api.w.org\/{rel}","templated":true}]}}