{"id":16669,"date":"2014-06-16T10:28:56","date_gmt":"2014-06-16T08:28:56","guid":{"rendered":"http:\/\/www.plessin.at\/oakleyshop\/?page_id=16669"},"modified":"2014-06-16T16:56:41","modified_gmt":"2014-06-16T14:56:41","slug":"bademode","status":"publish","type":"page","link":"http:\/\/www.plessin.at\/oakleyshop\/bademode\/","title":{"rendered":"Bademode"},"content":{"rendered":"<p>[vc_row][vc_column width=&#8220;1\/2&#8243;][vc_column_text]<\/p>\n<h2>Oakley Bademode<\/h2>\n<p>&nbsp;<\/p>\n<p style=\"text-align: justify;\">Heuer bietet Plessin\u2019s Oakley Shop die gr\u00f6\u00dfte Auswahl an Bademoden seit Er\u00f6ffnung des Shops. Viele Kundinnen tragen seit Jahren mit Begeisterung die Bikinis der Oakley Kollektion, da das Oakley Swimmetry-Material f\u00fcr Schutz vor Chlor, sonnenbedingtem Ausbleichen und scheuernden Sandk\u00f6rnchen bietet. Die K\u00f6rbchen mit B\u00fcgel und Push-up-Polster sorgen zudem f\u00fcr eine sch\u00f6ne Silhouette und st\u00fctzenden Halt. Nat\u00fcrlich sind die Materialien auch schnell trocknend. Reflektierende Logos bieten bessere Sichtbarkeit bei und nach dem Sonnenuntergang.<\/p>\n<p>[\/vc_column_text][\/vc_column][vc_column width=&#8220;1\/2&#8243;][vc_gallery type=&#8220;image_grid&#8220; interval=&#8220;3&#8243; images=&#8220;16764&#8243; onclick=&#8220;link_image&#8220; custom_links_target=&#8220;_self&#8220; column_number=&#8220;0&#8243; grayscale=&#8220;no&#8220; choose_frame=&#8220;default&#8220; img_size=&#8220;full&#8220;][\/vc_column][\/vc_row][vc_row][vc_column width=&#8220;1\/1&#8243;][vc_separator type=&#8220;normal&#8220; position=&#8220;center&#8220; up=&#8220;20&#8243; down=&#8220;20&#8243;][\/vc_column][\/vc_row]<\/p>\n","protected":false},"excerpt":{"rendered":"<p>[vc_row][vc_column width=&#8220;1\/2&#8243;][vc_column_text] Oakley Bademode &nbsp; Heuer bietet Plessin\u2019s Oakley Shop die gr\u00f6\u00dfte Auswahl an Bademoden seit Er\u00f6ffnung des Shops. Viele Kundinnen tragen seit Jahren mit Begeisterung die Bikinis der Oakley Kollektion, da das Oakley Swimmetry-Material f\u00fcr Schutz vor Chlor, sonnenbedingtem Ausbleichen und scheuernden Sandk\u00f6rnchen bietet&#8230;.<\/p>\n","protected":false},"author":1,"featured_media":0,"parent":0,"menu_order":0,"comment_status":"closed","ping_status":"closed","template":"","meta":[],"_links":{"self":[{"href":"http:\/\/www.plessin.at\/oakleyshop\/wp-json\/wp\/v2\/pages\/16669"}],"collection":[{"href":"http:\/\/www.plessin.at\/oakleyshop\/wp-json\/wp\/v2\/pages"}],"about":[{"href":"http:\/\/www.plessin.at\/oakleyshop\/wp-json\/wp\/v2\/types\/page"}],"author":[{"embeddable":true,"href":"http:\/\/www.plessin.at\/oakleyshop\/wp-json\/wp\/v2\/users\/1"}],"replies":[{"embeddable":true,"href":"http:\/\/www.plessin.at\/oakleyshop\/wp-json\/wp\/v2\/comments?post=16669"}],"version-history":[{"count":8,"href":"http:\/\/www.plessin.at\/oakleyshop\/wp-json\/wp\/v2\/pages\/16669\/revisions"}],"predecessor-version":[{"id":16770,"href":"http:\/\/www.plessin.at\/oakleyshop\/wp-json\/wp\/v2\/pages\/16669\/revisions\/16770"}],"wp:attachment":[{"href":"http:\/\/www.plessin.at\/oakleyshop\/wp-json\/wp\/v2\/media?parent=16669"}],"curies":[{"name":"wp","href":"https:\/\/api.w.org\/{rel}","templated":true}]}}