{"id":16676,"date":"2014-06-16T10:34:08","date_gmt":"2014-06-16T08:34:08","guid":{"rendered":"http:\/\/www.plessin.at\/oakleyshop\/?page_id=16676"},"modified":"2014-06-16T18:24:48","modified_gmt":"2014-06-16T16:24:48","slug":"bubel","status":"publish","type":"page","link":"http:\/\/www.plessin.at\/oakleyshop\/bubel\/","title":{"rendered":"Bubel"},"content":{"rendered":"<p>[vc_row][vc_column width=&#8220;1\/2&#8243;][vc_column_text]<b>Wuchtige, schwere und langweilige Handt\u00fccher geh\u00f6ren der Vergangenheit an.<\/b><\/p>\n<p>&nbsp;<\/p>\n<p>Bubel ist Mode und Trend zugleich, aber ohne zu vergessen, dass es sich hier um ein Hightech-Produkt handelt. Die verwendeten Materialien verf\u00fcgen \u00fcber hervorragende technische Eigenschaften, die jedes andere Handtuch in den Schatten stellen. Bubel ist super leicht (ca. 260gr), absorbiert bis zu 400% seines Eigengewichtes an Wasser, trocknet 25% schneller als Baumwolle, ist antibakteriell und geruchsabweisend. Bubel Handt\u00fccher sind ideal f\u00fcr Strand, Schwimmbad, Sport, Reisen und Outdoor Aktivit\u00e4ten.[\/vc_column_text][\/vc_column][vc_column width=&#8220;1\/2&#8243;][vc_gallery type=&#8220;flexslider_slide&#8220; interval=&#8220;3&#8243; images=&#8220;16805,16806&#8243; onclick=&#8220;link_image&#8220; custom_links_target=&#8220;_self&#8220; column_number=&#8220;2&#8243; grayscale=&#8220;no&#8220; frame=&#8220;no&#8220; choose_frame=&#8220;default&#8220;][\/vc_column][\/vc_row][vc_row][vc_column width=&#8220;1\/1&#8243;][vc_separator type=&#8220;normal&#8220; position=&#8220;center&#8220; up=&#8220;20&#8243; down=&#8220;20&#8243;][\/vc_column][\/vc_row][vc_row][vc_column width=&#8220;1\/2&#8243;][vc_column_text]<\/p>\n<ul>\n<li>400% saugf\u00e4higer als herk\u00f6mmliche Handt\u00fccher<\/li>\n<li>Trocknet 25% schneller als Baumwolle<\/li>\n<li>0.54 mm und somit super kompakt<\/li>\n<li>nur 130 gr\/m2<\/li>\n<li>Keine Bakterien, keine Keime, kein Geruch<\/li>\n<li>Hohe Licht, Wasserbest\u00e4ndigkeit, hohe Lebensdauer<\/li>\n<li>Knitterfrei, kein B\u00fcgeln notwendig<\/li>\n<li>Kein PVC<\/li>\n<li>Keine L\u00f6semittel<\/li>\n<li>100% recycelf\u00e4hig<\/li>\n<\/ul>\n<p>[\/vc_column_text][\/vc_column][vc_column width=&#8220;1\/2&#8243;][vc_gallery type=&#8220;flexslider_slide&#8220; interval=&#8220;3&#8243; images=&#8220;16838,16839,16840,16841,16842,16843,16844,16845,16846,16847&#8243; onclick=&#8220;link_image&#8220; custom_links_target=&#8220;_self&#8220; column_number=&#8220;2&#8243; grayscale=&#8220;no&#8220; choose_frame=&#8220;default&#8220; img_size=&#8220;full&#8220; frame=&#8220;no&#8220;][\/vc_column][\/vc_row][vc_row][vc_column width=&#8220;1\/1&#8243;][vc_separator type=&#8220;normal&#8220; position=&#8220;center&#8220; up=&#8220;20&#8243; down=&#8220;20&#8243;][vc_column_text]<\/p>\n<h3 style=\"text-align: center;\">Bubel Handt\u00fccher sind erh\u00e4ltlich bei PLESSIN\u2019S OAKLEY SHOP in zwei Gr\u00f6\u00dfen ab EURO 29,95.<\/h3>\n<p>[\/vc_column_text][vc_separator type=&#8220;normal&#8220; position=&#8220;center&#8220; up=&#8220;20&#8243; down=&#8220;20&#8243;][\/vc_column][\/vc_row]<\/p>\n","protected":false},"excerpt":{"rendered":"<p>[vc_row][vc_column width=&#8220;1\/2&#8243;][vc_column_text]Wuchtige, schwere und langweilige Handt\u00fccher geh\u00f6ren der Vergangenheit an. &nbsp; Bubel ist Mode und Trend zugleich, aber ohne zu vergessen, dass es sich hier um ein Hightech-Produkt handelt. Die verwendeten Materialien verf\u00fcgen \u00fcber hervorragende technische Eigenschaften, die jedes andere Handtuch in den Schatten stellen&#8230;.<\/p>\n","protected":false},"author":1,"featured_media":0,"parent":0,"menu_order":0,"comment_status":"closed","ping_status":"closed","template":"","meta":[],"_links":{"self":[{"href":"http:\/\/www.plessin.at\/oakleyshop\/wp-json\/wp\/v2\/pages\/16676"}],"collection":[{"href":"http:\/\/www.plessin.at\/oakleyshop\/wp-json\/wp\/v2\/pages"}],"about":[{"href":"http:\/\/www.plessin.at\/oakleyshop\/wp-json\/wp\/v2\/types\/page"}],"author":[{"embeddable":true,"href":"http:\/\/www.plessin.at\/oakleyshop\/wp-json\/wp\/v2\/users\/1"}],"replies":[{"embeddable":true,"href":"http:\/\/www.plessin.at\/oakleyshop\/wp-json\/wp\/v2\/comments?post=16676"}],"version-history":[{"count":10,"href":"http:\/\/www.plessin.at\/oakleyshop\/wp-json\/wp\/v2\/pages\/16676\/revisions"}],"predecessor-version":[{"id":16850,"href":"http:\/\/www.plessin.at\/oakleyshop\/wp-json\/wp\/v2\/pages\/16676\/revisions\/16850"}],"wp:attachment":[{"href":"http:\/\/www.plessin.at\/oakleyshop\/wp-json\/wp\/v2\/media?parent=16676"}],"curies":[{"name":"wp","href":"https:\/\/api.w.org\/{rel}","templated":true}]}}