{"id":16678,"date":"2014-06-16T10:35:09","date_gmt":"2014-06-16T08:35:09","guid":{"rendered":"http:\/\/www.plessin.at\/oakleyshop\/?page_id=16678"},"modified":"2014-06-16T18:20:19","modified_gmt":"2014-06-16T16:20:19","slug":"restube","status":"publish","type":"page","link":"http:\/\/www.plessin.at\/oakleyshop\/restube\/","title":{"rendered":"RESTUBE"},"content":{"rendered":"<p>[vc_row][vc_column width=&#8220;2\/3&#8243;][vc_column_text]<\/p>\n<p style=\"text-align: justify;\">RESTUBE ist die Weltneuheit! Entwickelt f\u00fcr alle die sich gerne im und am Wasser aufhalten, kann RESTUBE in Gefahrensituationen helfen Leben zu retten. Durch einen kr\u00e4ftigen Zug am Ausl\u00f6ser bl\u00e4st sich der Auftriebsk\u00f6rper automatisch auf und bietet Dir eine Schwimmhilfe, die dich \u00fcber Wasser h\u00e4lt.<\/p>\n<p>&nbsp;<\/p>\n<p><strong>Funktionsweise:<\/strong><\/p>\n<p style=\"text-align: justify;\">RESTUBE besteht aus einem aufblasbaren Schwimmk\u00f6rper mit 7 Litern Volumen, welcher mittels einer eingebauten CO2-Patrone aufgeblasen wird. In einer Notsituation kr\u00e4ftig am Ausl\u00f6ser ziehen und der Schwimmk\u00f6rper f\u00fcllt sich innerhalb weniger Sekunden und bietet Dir eine Rettungsboje an der du dich festhalten kannst.<\/p>\n<p>&nbsp;<\/p>\n<p style=\"text-align: justify;\">Klein und handlich an der H\u00fcfte getragen st\u00f6rt RESTUBE weder beim Schwimmen noch bei anderen Wassersportarten. Durch die sehr gute Verarbeitung und die Verwendung von qualitativ hochwertigen Materialien ist die komplette Ausr\u00fcstung darauf ausgelegt st\u00e4ndig im Wasser getragen zu werden. Dank der auswechselbaren CO2-Patronen ist RESTUBE unendlich oft wieder verwendbar.<\/p>\n<p>[\/vc_column_text][\/vc_column][vc_column width=&#8220;1\/3&#8243;][vc_gallery type=&#8220;image_grid&#8220; interval=&#8220;3&#8243; images=&#8220;16822&#8243; onclick=&#8220;link_image&#8220; custom_links_target=&#8220;_self&#8220; column_number=&#8220;0&#8243; grayscale=&#8220;no&#8220; choose_frame=&#8220;default&#8220; img_size=&#8220;full&#8220;][\/vc_column][\/vc_row][vc_row][vc_column width=&#8220;1\/1&#8243;][vc_separator type=&#8220;normal&#8220; position=&#8220;center&#8220; up=&#8220;20&#8243; down=&#8220;20&#8243;][\/vc_column][\/vc_row][vc_row][vc_column width=&#8220;2\/3&#8243;][vc_column_text]<\/p>\n<h3 style=\"text-align: justify;\">RESTUBE classic<\/h3>\n<p style=\"text-align: justify;\">ist durch seine schlichte Form und das einfache Packsystem ideal f\u00fcr Schwimmer, Schnorchler, Kanuten, Angler, Segler oder Familien. Das Backup immer dabei. Ideal f\u00fcr Schwimmer, Schnorchler, Segler, Kanuten, Angler, uvm.<\/p>\n<p>&nbsp;<\/p>\n<ul>\n<li>Durch kr\u00e4ftiges Ziehen am Ausl\u00f6ser bl\u00e4st sich die Boje mittels CO2-Patrone auf<\/li>\n<li>Klein und leicht<\/li>\n<li>Gurt zur Befestigung an der H\u00fcfte<\/li>\n<li>Wiederverwendbar<\/li>\n<li>In Deutschland entwickelt und hergestellt<\/li>\n<li>F\u00fcr sichere Schwimmer \u00fcber 10 Jahre<\/li>\n<li>Geeignet f\u00fcr Schwimmer, Schnorchler, Angler, uvm.<\/li>\n<li>Von Langstreckenschwimmern getestet<\/li>\n<\/ul>\n<p>&nbsp;<\/p>\n<p><strong>Features:<\/strong><\/p>\n<ul>\n<li>Farben: coral red, petrol blue<\/li>\n<li>Horizontal und vertikal befestigbar mit 25mm und 30mm breitem H\u00fcftgurt<\/li>\n<li>Eine original RESTUBE Ersatz CO2-Patrone ist bereits eingebaut<\/li>\n<li>Auftrieb im aufgeblasenen Zustand: &gt; 70N<\/li>\n<li>Alternativ auch per Mund aufblasbar<\/li>\n<li>Abmessungen der Tasche: 14x7x5cm<\/li>\n<li>Ausl\u00f6ser ist zugleich Signal-Pfeife<\/li>\n<li>integriertes Schl\u00fcsselfach<\/li>\n<\/ul>\n<p>[\/vc_column_text][\/vc_column][vc_column width=&#8220;1\/3&#8243;][vc_gallery type=&#8220;image_grid&#8220; interval=&#8220;3&#8243; images=&#8220;16825,16824&#8243; onclick=&#8220;link_image&#8220; custom_links_target=&#8220;_self&#8220; column_number=&#8220;0&#8243; grayscale=&#8220;no&#8220; frame=&#8220;no&#8220; choose_frame=&#8220;default&#8220; img_size=&#8220;full&#8220;][\/vc_column][\/vc_row][vc_row][vc_column width=&#8220;1\/1&#8243;][vc_separator type=&#8220;normal&#8220; position=&#8220;center&#8220; up=&#8220;20&#8243; down=&#8220;20&#8243;][vc_column_text]<\/p>\n<h3 style=\"text-align: center;\">RESTUBE classic erh\u00e4ltlich bei PLESSIN\u2019S OAKLEY SHOP um EURO 59,90<\/h3>\n<p>[\/vc_column_text][vc_separator type=&#8220;normal&#8220; position=&#8220;center&#8220; up=&#8220;20&#8243; down=&#8220;20&#8243;][\/vc_column][\/vc_row][vc_row][vc_column width=&#8220;2\/3&#8243;][vc_column_text]<b>RESTUBE sports<\/b><\/p>\n<p>ist mit Spezialverschluss und seinem austauschbaren Befestigungssystem f\u00fcr h\u00e4rtere Einsatzgebiete wie Kitesurfen, Windsurfen, Wellenreiten oder SUP geeignet.<\/p>\n<p>&nbsp;<\/p>\n<p><b>Technische Daten:\u00a0<\/b><\/p>\n<p>&nbsp;<\/p>\n<ul>\n<li>Sicherungssplint (safety-splint): verhindert in extremen Bedingungen ein versehentliches \u00d6ffnen der Tasche<\/li>\n<li>Gurtsysteme austauschbar<\/li>\n<li>Einheitsgr\u00f6\u00dfe<\/li>\n<li>Farbe: lime green<\/li>\n<li>16g CO2-Patrone<\/li>\n<li>Auftrieb im aufgeblasenen Zustand: 70N<\/li>\n<li>Alternativ auch per Mund aufblasbar<\/li>\n<li>Gewicht (inkl. Patrone): 280g<\/li>\n<li>Abmessungen: 14x7x5cm<\/li>\n<li>Ausl\u00f6ser ist zugleich Signal-Pfeife<\/li>\n<li>Schl\u00fcssel- und Kleingeldfach mit Rei\u00dfverschluss<\/li>\n<li>im Flugzeug transportierbar (maximal ein RESTUBE + 2 Ersatzpatronen pro Passagier)<\/li>\n<li>F\u00fcr sichere Schwimmer \u00fcber 10 Jahre f\u00fcr Gew\u00e4sser, in denen du dich wohl f\u00fchlst<\/li>\n<\/ul>\n<p>&nbsp;<\/p>\n<p><b>Sonstige Informationen:<\/b><\/p>\n<p>&nbsp;<\/p>\n<ul>\n<li>Keine pers\u00f6nliche Schutzausr\u00fcstung (PSA)<\/li>\n<li>Kein Ersatz f\u00fcr eine Rettungsweste<\/li>\n<\/ul>\n<p>[\/vc_column_text][\/vc_column][vc_column width=&#8220;1\/3&#8243;][vc_gallery type=&#8220;image_grid&#8220; interval=&#8220;3&#8243; images=&#8220;16829,16828&#8243; onclick=&#8220;link_image&#8220; custom_links_target=&#8220;_self&#8220; column_number=&#8220;0&#8243; grayscale=&#8220;no&#8220; frame=&#8220;no&#8220; choose_frame=&#8220;default&#8220; img_size=&#8220;full&#8220;][\/vc_column][\/vc_row][vc_row][vc_column width=&#8220;1\/1&#8243;][vc_separator type=&#8220;normal&#8220; position=&#8220;center&#8220; up=&#8220;20&#8243; down=&#8220;20&#8243;][vc_column_text]<\/p>\n<h3 style=\"text-align: center;\">RESTUBE sports\u00a0erh\u00e4ltlich bei PLESSIN\u2019S OAKLEY SHOP um EURO 79,90<\/h3>\n<p>[\/vc_column_text][vc_separator type=&#8220;normal&#8220; position=&#8220;center&#8220; up=&#8220;20&#8243; down=&#8220;20&#8243;][\/vc_column][\/vc_row]<\/p>\n","protected":false},"excerpt":{"rendered":"<p>[vc_row][vc_column width=&#8220;2\/3&#8243;][vc_column_text] RESTUBE ist die Weltneuheit! Entwickelt f\u00fcr alle die sich gerne im und am Wasser aufhalten, kann RESTUBE in Gefahrensituationen helfen Leben zu retten. Durch einen kr\u00e4ftigen Zug am Ausl\u00f6ser bl\u00e4st sich der Auftriebsk\u00f6rper automatisch auf und bietet Dir eine Schwimmhilfe, die dich \u00fcber&#8230;<\/p>\n","protected":false},"author":1,"featured_media":0,"parent":0,"menu_order":0,"comment_status":"closed","ping_status":"closed","template":"","meta":[],"_links":{"self":[{"href":"http:\/\/www.plessin.at\/oakleyshop\/wp-json\/wp\/v2\/pages\/16678"}],"collection":[{"href":"http:\/\/www.plessin.at\/oakleyshop\/wp-json\/wp\/v2\/pages"}],"about":[{"href":"http:\/\/www.plessin.at\/oakleyshop\/wp-json\/wp\/v2\/types\/page"}],"author":[{"embeddable":true,"href":"http:\/\/www.plessin.at\/oakleyshop\/wp-json\/wp\/v2\/users\/1"}],"replies":[{"embeddable":true,"href":"http:\/\/www.plessin.at\/oakleyshop\/wp-json\/wp\/v2\/comments?post=16678"}],"version-history":[{"count":18,"href":"http:\/\/www.plessin.at\/oakleyshop\/wp-json\/wp\/v2\/pages\/16678\/revisions"}],"predecessor-version":[{"id":16837,"href":"http:\/\/www.plessin.at\/oakleyshop\/wp-json\/wp\/v2\/pages\/16678\/revisions\/16837"}],"wp:attachment":[{"href":"http:\/\/www.plessin.at\/oakleyshop\/wp-json\/wp\/v2\/media?parent=16678"}],"curies":[{"name":"wp","href":"https:\/\/api.w.org\/{rel}","templated":true}]}}