{"id":16733,"date":"2014-06-16T16:30:28","date_gmt":"2014-06-16T14:30:28","guid":{"rendered":"http:\/\/www.plessin.at\/oakleyshop\/?page_id=16733"},"modified":"2014-06-18T21:57:51","modified_gmt":"2014-06-18T19:57:51","slug":"sonnenbrillen-herrn","status":"publish","type":"page","link":"http:\/\/www.plessin.at\/oakleyshop\/sonnenbrillen-herrn\/","title":{"rendered":"Sonnenbrillen"},"content":{"rendered":"<p>[vc_row][vc_column width=&#8220;1\/1&#8243;][vc_column_text]<\/p>\n<h2>Herren-Sonnenbrillen<\/h2>\n<p style=\"text-align: justify;\">Skulpturelle Physik und unser einzigartiger Drei-Punkt-Sitz bilden die Basis aller Oakley Sonnenbrillen. Werfen Sie einen Blick durch eine Oakley Sonnenbrille und \u00fcberzeugen Sie sich selbst von den unz\u00e4hligen Performance-Behandlungen und den Glast\u00f6nungen, die die Elemente in ihre Schranken verweisen. Und seien Sie ganz beruhigt: Oakley Sonnenbrillen bieten optimalen Schutz vor Sonne und Flugobjekten. Behalten Sie den Durchblick mit High Definition Optics\u00ae in Oakley Herren-Sonnenbrillen \u2013 ganz gleich, wo das Leben Sie hinf\u00fchrt.<\/p>\n<p>[\/vc_column_text][vc_separator type=&#8220;normal&#8220; position=&#8220;center&#8220; up=&#8220;20&#8243; down=&#8220;20&#8243;][\/vc_column][\/vc_row][vc_row][vc_column width=&#8220;1\/2&#8243;][vc_column_text]<\/p>\n<h2>Oakley Sportsonnenbrillen<\/h2>\n<p>Sportsonnenbrillen von Oakley haben schon immer einen bleibenden Eindruck in der Welt des Sports hinterlassen. Mit jedem neuen Sonnenbrillendesign und jedem Spitzenathleten, der mit Oakley Sportsonnenbrillen gegen die Besten der Welt antritt, w\u00e4chst die Oakley Legende.[\/vc_column_text][\/vc_column][vc_column width=&#8220;1\/2&#8243;][vc_gallery type=&#8220;flexslider_slide&#8220; onclick=&#8220;link_image&#8220; custom_links_target=&#8220;_self&#8220; grayscale=&#8220;no&#8220; choose_frame=&#8220;default&#8220; interval=&#8220;3&#8243; img_size=&#8220;550&#215;212&#8243; column_number=&#8220;0&#8243; images=&#8220;16758,16748,16747,16746,16753,16752,16751,16750,16749,16745,16744,16743,16742,16741,16740,16739,16738&#8243; frame=&#8220;no&#8220;][\/vc_column][\/vc_row][vc_row][vc_column width=&#8220;1\/1&#8243;][vc_separator type=&#8220;normal&#8220; position=&#8220;center&#8220; up=&#8220;20&#8243; down=&#8220;20&#8243;][\/vc_column][\/vc_row][vc_row][vc_column width=&#8220;1\/2&#8243;][vc_column_text]<\/p>\n<h2>Oakley Active-Sonnenbrillen<\/h2>\n<p style=\"text-align: justify;\">Oakley Active-Sonnenbrillen wurden f\u00fcr diejenigen entwickelt, die wissen, dass Stil etwas ist, das man f\u00fcr sich selbst definieren muss.<\/p>\n<p>[\/vc_column_text][\/vc_column][vc_column width=&#8220;1\/2&#8243;][vc_gallery type=&#8220;flexslider_slide&#8220; onclick=&#8220;link_image&#8220; custom_links_target=&#8220;_self&#8220; grayscale=&#8220;no&#8220; choose_frame=&#8220;default&#8220; interval=&#8220;3&#8243; images=&#8220;17281,17280,17279,17278,17277,17276,17275,17274,17273&#8243; img_size=&#8220;550&#215;256&#8243; column_number=&#8220;0&#8243;][\/vc_column][\/vc_row][vc_row][vc_column width=&#8220;1\/1&#8243;][vc_separator type=&#8220;normal&#8220; position=&#8220;center&#8220; up=&#8220;20&#8243; down=&#8220;20&#8243;][\/vc_column][\/vc_row][vc_row][vc_column width=&#8220;1\/2&#8243;][vc_column_text]<\/p>\n<h2>Oakley Lifestyle-Sonnenbrillen<\/h2>\n<p style=\"text-align: justify;\">Bei Sonnenbrillen ist es wie im wahren Leben nicht genug, einfach nur aufzufallen. Es muss auch etwas dahinterstecken. Aus diesem Grund tragen Spitzensportler und Ber\u00fchmtheiten unsere Sonnenbrillen f\u00fcr Herren. Manche Sonnenbrillen sch\u00fctzen Ihre Augen. Andere sch\u00fctzen Ihr Image. Die Oakley-Sonnenbrillen aus der Lifestyle-Kollektion sch\u00fctzen beides. Die individuelle Oakley-Note bleibt erhalten.<\/p>\n<p>[\/vc_column_text][\/vc_column][vc_column width=&#8220;1\/2&#8243;][vc_gallery type=&#8220;flexslider_slide&#8220; onclick=&#8220;link_image&#8220; custom_links_target=&#8220;_self&#8220; grayscale=&#8220;no&#8220; choose_frame=&#8220;default&#8220; interval=&#8220;3&#8243; images=&#8220;17256,17257,17258,17271,17270,17269,17268,17267,17266,17265,17264,17263,17262,17261,17260,17259&#8243; img_size=&#8220;550&#215;256&#8243; column_number=&#8220;0&#8243;][\/vc_column][\/vc_row][vc_row][vc_column width=&#8220;1\/1&#8243;][vc_separator type=&#8220;normal&#8220; position=&#8220;center&#8220; up=&#8220;20&#8243; down=&#8220;20&#8243;][\/vc_column][\/vc_row][vc_row][vc_column width=&#8220;1\/2&#8243;][vc_column_text]<\/p>\n<h2>Polarisierte Sonnenbrillen<\/h2>\n<p style=\"text-align: justify;\">Nicht alle polarisierten Sonnenbrillen sind gleich, aber so viel steht fest: Oakley stellt mit die besten polarisierten Gl\u00e4ser der Welt her. Gew\u00f6hnliche polarisierte Sonnenbrillen beeintr\u00e4chtigen Ihre Sicht und blockieren den Blendeffekt nicht gut genug. Doch die Gl\u00e4ser in den Sonnenbrillen der Polarized-Kollektion von Oakley beseitigen den Blendeffekt, ohne dabei die klare Sicht zu beeintr\u00e4chtigen.<\/p>\n<p>[\/vc_column_text][\/vc_column][vc_column width=&#8220;1\/2&#8243;][vc_gallery type=&#8220;flexslider_slide&#8220; onclick=&#8220;link_image&#8220; custom_links_target=&#8220;_self&#8220; grayscale=&#8220;no&#8220; choose_frame=&#8220;default&#8220; interval=&#8220;3&#8243; images=&#8220;17292,17291,17290,17289,17288,17287,17286,17285,17284,17283&#8243; img_size=&#8220;550&#215;256&#8243; column_number=&#8220;0&#8243;][\/vc_column][\/vc_row][vc_row][vc_column width=&#8220;1\/1&#8243;][vc_separator type=&#8220;normal&#8220; position=&#8220;center&#8220; up=&#8220;20&#8243; down=&#8220;20&#8243;][\/vc_column][\/vc_row][vc_row][vc_column width=&#8220;1\/2&#8243;][vc_column_text]<\/p>\n<h2>Special Edition-Sonnenbrillen<\/h2>\n<p style=\"text-align: justify;\">Die Herren-Sonnenbrillen der Oakley Special Editions setzen auf Designs von K\u00fcnstlern, wohlt\u00e4tigen Organisationen, Sportarten und den Athleten, die sie aus\u00fcben, und vereinen Weltklasse-Optik mit einigen von Oakleys beliebtesten Initiativen. \u201eOakley Men\u2019s Special Edition sunglasses help you wear your heart on your face.\u201c<\/p>\n<p>[\/vc_column_text][\/vc_column][vc_column width=&#8220;1\/2&#8243;][vc_gallery type=&#8220;flexslider_slide&#8220; onclick=&#8220;link_image&#8220; custom_links_target=&#8220;_self&#8220; grayscale=&#8220;no&#8220; choose_frame=&#8220;default&#8220; interval=&#8220;3&#8243; images=&#8220;17242,17243,17244,17245,17246,17247,17248,17249,17250,17251,17252,17253&#8243; img_size=&#8220;550&#215;256&#8243; column_number=&#8220;0&#8243;][\/vc_column][\/vc_row][vc_row][vc_column width=&#8220;1\/1&#8243;][vc_separator type=&#8220;normal&#8220; position=&#8220;center&#8220; up=&#8220;20&#8243; down=&#8220;20&#8243;][\/vc_column][\/vc_row][vc_row][vc_column width=&#8220;1\/2&#8243;][vc_column_text]<\/p>\n<h2>Oakley Custom Sonnenbrillen<\/h2>\n<p style=\"text-align: justify;\">Stil ist, was man daraus macht. Also kreieren Sie Ihren eigenen Stil. Gestalten Sie Ihre individuelle Oakley-Sonnenbrille und w\u00e4hlen Sie dabei Rahmenfarbe, Rahmenfinish, Glast\u00f6nung und vieles mehr ganz nach Ihrem Geschmack. Dabei k\u00f6nnen Sie sich auf die wegweisenden Innovationen von High Definition Optics\u00ae verlassen und sicher sein, ein echtes Original zu besitzen.<\/p>\n<p>[\/vc_column_text][\/vc_column][vc_column width=&#8220;1\/2&#8243;][vc_gallery type=&#8220;image_grid&#8220; onclick=&#8220;link_image&#8220; custom_links_target=&#8220;_self&#8220; grayscale=&#8220;no&#8220; choose_frame=&#8220;default&#8220; interval=&#8220;3&#8243; images=&#8220;16724&#8243; img_size=&#8220;550&#215;131&#8243; column_number=&#8220;0&#8243;][\/vc_column][\/vc_row][vc_row][vc_column width=&#8220;1\/1&#8243;][vc_separator type=&#8220;normal&#8220; position=&#8220;center&#8220; up=&#8220;20&#8243; down=&#8220;20&#8243;][\/vc_column][\/vc_row]<\/p>\n","protected":false},"excerpt":{"rendered":"<p>[vc_row][vc_column width=&#8220;1\/1&#8243;][vc_column_text] Herren-Sonnenbrillen Skulpturelle Physik und unser einzigartiger Drei-Punkt-Sitz bilden die Basis aller Oakley Sonnenbrillen. Werfen Sie einen Blick durch eine Oakley Sonnenbrille und \u00fcberzeugen Sie sich selbst von den unz\u00e4hligen Performance-Behandlungen und den Glast\u00f6nungen, die die Elemente in ihre Schranken verweisen. Und seien Sie&#8230;<\/p>\n","protected":false},"author":1,"featured_media":0,"parent":0,"menu_order":0,"comment_status":"closed","ping_status":"closed","template":"","meta":[],"_links":{"self":[{"href":"http:\/\/www.plessin.at\/oakleyshop\/wp-json\/wp\/v2\/pages\/16733"}],"collection":[{"href":"http:\/\/www.plessin.at\/oakleyshop\/wp-json\/wp\/v2\/pages"}],"about":[{"href":"http:\/\/www.plessin.at\/oakleyshop\/wp-json\/wp\/v2\/types\/page"}],"author":[{"embeddable":true,"href":"http:\/\/www.plessin.at\/oakleyshop\/wp-json\/wp\/v2\/users\/1"}],"replies":[{"embeddable":true,"href":"http:\/\/www.plessin.at\/oakleyshop\/wp-json\/wp\/v2\/comments?post=16733"}],"version-history":[{"count":12,"href":"http:\/\/www.plessin.at\/oakleyshop\/wp-json\/wp\/v2\/pages\/16733\/revisions"}],"predecessor-version":[{"id":17293,"href":"http:\/\/www.plessin.at\/oakleyshop\/wp-json\/wp\/v2\/pages\/16733\/revisions\/17293"}],"wp:attachment":[{"href":"http:\/\/www.plessin.at\/oakleyshop\/wp-json\/wp\/v2\/media?parent=16733"}],"curies":[{"name":"wp","href":"https:\/\/api.w.org\/{rel}","templated":true}]}}