{"id":16771,"date":"2014-06-16T17:00:10","date_gmt":"2014-06-16T15:00:10","guid":{"rendered":"http:\/\/www.plessin.at\/oakleyshop\/?page_id=16771"},"modified":"2014-06-16T17:01:47","modified_gmt":"2014-06-16T15:01:47","slug":"sportmode-damen","status":"publish","type":"page","link":"http:\/\/www.plessin.at\/oakleyshop\/sportmode-damen\/","title":{"rendered":"Sportmode"},"content":{"rendered":"<p>[vc_row][vc_column width=&#8220;1\/2&#8243;][vc_column_text]<\/p>\n<h2>Oakley Sportmode<\/h2>\n<p>&nbsp;<\/p>\n<p style=\"text-align: justify;\">Die Oakley Sportmode wird im Extremsport gemeinsam mit Athleten entwickelt. Dadurch ist gew\u00e4hrleitet, dass sie allen Anforderungen vom Hobbysportler bis zum Profiathleten gerecht werden. Die Sportmode bietet unter anderem die O-Form-Technologie f\u00fcr flexible Passform, robuste Elastizit\u00e4t und Formbest\u00e4ndigkeit. Das Feuchtigkeitsmanagement, die schwei\u00dfableitenden Eigenschaften und die antibakterielle Wirkung steigern den Tragekomfort und binden Ger\u00fcche. Elastische Materialien gew\u00e4hren Bewegungsfreiheit und eine formtreue Passform. Auch der UV-Schutz ist gegeben.<\/p>\n<p>[\/vc_column_text][\/vc_column][vc_column width=&#8220;1\/2&#8243;][vc_gallery type=&#8220;image_grid&#8220; interval=&#8220;3&#8243; images=&#8220;16773&#8243; onclick=&#8220;link_image&#8220; custom_links_target=&#8220;_self&#8220; column_number=&#8220;0&#8243; grayscale=&#8220;no&#8220; choose_frame=&#8220;default&#8220; img_size=&#8220;full&#8220;][\/vc_column][\/vc_row][vc_row][vc_column width=&#8220;1\/1&#8243;][vc_separator type=&#8220;normal&#8220; position=&#8220;center&#8220; up=&#8220;20&#8243; down=&#8220;20&#8243;][\/vc_column][\/vc_row]<\/p>\n","protected":false},"excerpt":{"rendered":"<p>[vc_row][vc_column width=&#8220;1\/2&#8243;][vc_column_text] Oakley Sportmode &nbsp; Die Oakley Sportmode wird im Extremsport gemeinsam mit Athleten entwickelt. Dadurch ist gew\u00e4hrleitet, dass sie allen Anforderungen vom Hobbysportler bis zum Profiathleten gerecht werden. Die Sportmode bietet unter anderem die O-Form-Technologie f\u00fcr flexible Passform, robuste Elastizit\u00e4t und Formbest\u00e4ndigkeit. Das Feuchtigkeitsmanagement,&#8230;<\/p>\n","protected":false},"author":1,"featured_media":0,"parent":0,"menu_order":0,"comment_status":"closed","ping_status":"closed","template":"","meta":[],"_links":{"self":[{"href":"http:\/\/www.plessin.at\/oakleyshop\/wp-json\/wp\/v2\/pages\/16771"}],"collection":[{"href":"http:\/\/www.plessin.at\/oakleyshop\/wp-json\/wp\/v2\/pages"}],"about":[{"href":"http:\/\/www.plessin.at\/oakleyshop\/wp-json\/wp\/v2\/types\/page"}],"author":[{"embeddable":true,"href":"http:\/\/www.plessin.at\/oakleyshop\/wp-json\/wp\/v2\/users\/1"}],"replies":[{"embeddable":true,"href":"http:\/\/www.plessin.at\/oakleyshop\/wp-json\/wp\/v2\/comments?post=16771"}],"version-history":[{"count":2,"href":"http:\/\/www.plessin.at\/oakleyshop\/wp-json\/wp\/v2\/pages\/16771\/revisions"}],"predecessor-version":[{"id":16774,"href":"http:\/\/www.plessin.at\/oakleyshop\/wp-json\/wp\/v2\/pages\/16771\/revisions\/16774"}],"wp:attachment":[{"href":"http:\/\/www.plessin.at\/oakleyshop\/wp-json\/wp\/v2\/media?parent=16771"}],"curies":[{"name":"wp","href":"https:\/\/api.w.org\/{rel}","templated":true}]}}