{"id":16776,"date":"2014-06-16T17:09:06","date_gmt":"2014-06-16T15:09:06","guid":{"rendered":"http:\/\/www.plessin.at\/oakleyshop\/?page_id=16776"},"modified":"2014-06-16T17:10:56","modified_gmt":"2014-06-16T15:10:56","slug":"golf-kollektion","status":"publish","type":"page","link":"http:\/\/www.plessin.at\/oakleyshop\/golf-kollektion\/","title":{"rendered":"Golf Kollektion"},"content":{"rendered":"<p>[vc_row][vc_column width=&#8220;1\/2&#8243;][vc_column_text]<\/p>\n<h2>Oakley Golfmode<\/h2>\n<p>&nbsp;<\/p>\n<p style=\"text-align: justify;\">Die Oakley Golf Kollektion ist f\u00fchrend in den Bereichen Atmungsaktivit\u00e4t, Sonnenschutz und Trockenzeiten. Die Materialen, die in der Golf Kollektion verwendet werden, regulieren die Feuchtigkeit, sind schnell trocknend und auch an hei\u00dfesten Tagen atmungsaktiv. Dadurch erh\u00f6hen sie den Komfort und sorgen daf\u00fcr, dass man die ganze Partie \u00fcber trocken bleibt. Flache Konstruktionsn\u00e4hte verhindern Scheuereffekte und sorgen f\u00fcr mehr Bewegungsfreiheit. Dar\u00fcber hinaus sch\u00fctzt die antibakterielle Wirkung der verwendeten Stoffe vor geruchsbildenden Mikroben.<\/p>\n<p>[\/vc_column_text][\/vc_column][vc_column width=&#8220;1\/2&#8243;][vc_gallery type=&#8220;image_grid&#8220; interval=&#8220;3&#8243; images=&#8220;16778&#8243; onclick=&#8220;link_image&#8220; custom_links_target=&#8220;_self&#8220; column_number=&#8220;0&#8243; grayscale=&#8220;no&#8220; choose_frame=&#8220;default&#8220; img_size=&#8220;full&#8220;][\/vc_column][\/vc_row][vc_row][vc_column width=&#8220;1\/1&#8243;][vc_separator type=&#8220;normal&#8220; position=&#8220;center&#8220; up=&#8220;20&#8243; down=&#8220;20&#8243;][\/vc_column][\/vc_row]<\/p>\n","protected":false},"excerpt":{"rendered":"<p>[vc_row][vc_column width=&#8220;1\/2&#8243;][vc_column_text] Oakley Golfmode &nbsp; Die Oakley Golf Kollektion ist f\u00fchrend in den Bereichen Atmungsaktivit\u00e4t, Sonnenschutz und Trockenzeiten. Die Materialen, die in der Golf Kollektion verwendet werden, regulieren die Feuchtigkeit, sind schnell trocknend und auch an hei\u00dfesten Tagen atmungsaktiv. Dadurch erh\u00f6hen sie den Komfort und&#8230;<\/p>\n","protected":false},"author":1,"featured_media":0,"parent":0,"menu_order":0,"comment_status":"closed","ping_status":"closed","template":"","meta":[],"_links":{"self":[{"href":"http:\/\/www.plessin.at\/oakleyshop\/wp-json\/wp\/v2\/pages\/16776"}],"collection":[{"href":"http:\/\/www.plessin.at\/oakleyshop\/wp-json\/wp\/v2\/pages"}],"about":[{"href":"http:\/\/www.plessin.at\/oakleyshop\/wp-json\/wp\/v2\/types\/page"}],"author":[{"embeddable":true,"href":"http:\/\/www.plessin.at\/oakleyshop\/wp-json\/wp\/v2\/users\/1"}],"replies":[{"embeddable":true,"href":"http:\/\/www.plessin.at\/oakleyshop\/wp-json\/wp\/v2\/comments?post=16776"}],"version-history":[{"count":3,"href":"http:\/\/www.plessin.at\/oakleyshop\/wp-json\/wp\/v2\/pages\/16776\/revisions"}],"predecessor-version":[{"id":16780,"href":"http:\/\/www.plessin.at\/oakleyshop\/wp-json\/wp\/v2\/pages\/16776\/revisions\/16780"}],"wp:attachment":[{"href":"http:\/\/www.plessin.at\/oakleyshop\/wp-json\/wp\/v2\/media?parent=16776"}],"curies":[{"name":"wp","href":"https:\/\/api.w.org\/{rel}","templated":true}]}}