{"id":16788,"date":"2014-06-16T17:17:13","date_gmt":"2014-06-16T15:17:13","guid":{"rendered":"http:\/\/www.plessin.at\/oakleyshop\/?page_id=16788"},"modified":"2014-06-19T13:54:54","modified_gmt":"2014-06-19T11:54:54","slug":"icon-kollektion","status":"publish","type":"page","link":"http:\/\/www.plessin.at\/oakleyshop\/icon-kollektion\/","title":{"rendered":"Icon Kollektion"},"content":{"rendered":"<p>[vc_row][vc_column width=&#8220;1\/2&#8243;][vc_column_text]<\/p>\n<h2>Oakley Icon\u00a0Kollektion<\/h2>\n<p>&nbsp;<\/p>\n<p style=\"text-align: justify;\">In der Icon Lifestyle Kollektion wird Technologie und Modebewusstsein vereint. Sport ist ein Lebensstil. Die Icon Kollektion von Oakley ist entworfen worden, um sich auch im Alltag sportlich zu f\u00fchlen. Man kann sich mit ihr durch den Business Alltag bewegen, ohne auf den besten Tragekomfort verzichten zu m\u00fcssen. Die Kollektion zeichnet sich durch klare Linien und dezente Logos ohne gro\u00dffl\u00e4chige Grafiken aus. Trotzdem kommen die Materialen aus dem Sportbereich und sind dadurch besonders atmungsaktiv, schwei\u00dfableitend und wasserabweisend. Durch einen Stretch-Anteil erhalten sie eine nat\u00fcrliche Passform. Somit sind sie geschaffen f\u00fcr den Alltagsport des Lebens.<\/p>\n<p>[\/vc_column_text][vc_separator type=&#8220;normal&#8220; position=&#8220;center&#8220; up=&#8220;20&#8243; down=&#8220;20&#8243;][vc_column_text]<strong>Die Icon Kollektion umfasst:<\/strong><\/p>\n<p>&nbsp;<\/p>\n<ul>\n<li>T-Shirts<\/li>\n<li>Polo-Shirts<\/li>\n<li>Hosen<\/li>\n<li>Shorts<\/li>\n<li>Sweaters<\/li>\n<li>Jacken<\/li>\n<li>Accessoires<\/li>\n<\/ul>\n<p>[\/vc_column_text][\/vc_column][vc_column width=&#8220;1\/2&#8243;][vc_gallery type=&#8220;flexslider_slide&#8220; interval=&#8220;3&#8243; images=&#8220;16791,17314&#8243; onclick=&#8220;link_image&#8220; custom_links_target=&#8220;_self&#8220; column_number=&#8220;0&#8243; grayscale=&#8220;no&#8220; choose_frame=&#8220;default&#8220; img_size=&#8220;full&#8220;][\/vc_column][\/vc_row][vc_row][vc_column width=&#8220;1\/1&#8243;][vc_separator type=&#8220;normal&#8220; position=&#8220;center&#8220; up=&#8220;20&#8243; down=&#8220;20&#8243;][vc_gallery type=&#8220;image_grid&#8220; interval=&#8220;3&#8243; images=&#8220;17317,17316,17315,17313,17310&#8243; onclick=&#8220;link_image&#8220; custom_links_target=&#8220;_self&#8220; column_number=&#8220;0&#8243; grayscale=&#8220;no&#8220; choose_frame=&#8220;default&#8220; img_size=&#8220;200&#215;267&#8243;][vc_separator type=&#8220;normal&#8220; position=&#8220;center&#8220; up=&#8220;20&#8243; down=&#8220;20&#8243;][vc_column_text]<\/p>\n<h3 style=\"text-align: center;\">Oakley Icon Kollektion ab sofort erh\u00e4ltlich bei PLESSIN&#8217;S OAKLEY SHOP in Villach.<\/h3>\n<p>[\/vc_column_text][\/vc_column][\/vc_row][vc_row][vc_column width=&#8220;1\/1&#8243;][vc_separator type=&#8220;normal&#8220; position=&#8220;center&#8220; up=&#8220;20&#8243; down=&#8220;20&#8243;][\/vc_column][\/vc_row][vc_row][vc_column width=&#8220;1\/1&#8243;][\/vc_column][\/vc_row]<\/p>\n","protected":false},"excerpt":{"rendered":"<p>[vc_row][vc_column width=&#8220;1\/2&#8243;][vc_column_text] Oakley Icon\u00a0Kollektion &nbsp; In der Icon Lifestyle Kollektion wird Technologie und Modebewusstsein vereint. Sport ist ein Lebensstil. Die Icon Kollektion von Oakley ist entworfen worden, um sich auch im Alltag sportlich zu f\u00fchlen. Man kann sich mit ihr durch den Business Alltag bewegen,&#8230;<\/p>\n","protected":false},"author":1,"featured_media":0,"parent":0,"menu_order":0,"comment_status":"closed","ping_status":"closed","template":"","meta":[],"_links":{"self":[{"href":"http:\/\/www.plessin.at\/oakleyshop\/wp-json\/wp\/v2\/pages\/16788"}],"collection":[{"href":"http:\/\/www.plessin.at\/oakleyshop\/wp-json\/wp\/v2\/pages"}],"about":[{"href":"http:\/\/www.plessin.at\/oakleyshop\/wp-json\/wp\/v2\/types\/page"}],"author":[{"embeddable":true,"href":"http:\/\/www.plessin.at\/oakleyshop\/wp-json\/wp\/v2\/users\/1"}],"replies":[{"embeddable":true,"href":"http:\/\/www.plessin.at\/oakleyshop\/wp-json\/wp\/v2\/comments?post=16788"}],"version-history":[{"count":10,"href":"http:\/\/www.plessin.at\/oakleyshop\/wp-json\/wp\/v2\/pages\/16788\/revisions"}],"predecessor-version":[{"id":17320,"href":"http:\/\/www.plessin.at\/oakleyshop\/wp-json\/wp\/v2\/pages\/16788\/revisions\/17320"}],"wp:attachment":[{"href":"http:\/\/www.plessin.at\/oakleyshop\/wp-json\/wp\/v2\/media?parent=16788"}],"curies":[{"name":"wp","href":"https:\/\/api.w.org\/{rel}","templated":true}]}}